{"id":1302,"date":"2012-11-06T11:41:47","date_gmt":"2012-11-06T11:41:47","guid":{"rendered":"http:\/\/www.dosimetria.com\/laboratorio\/calibraciones-y-verificaciones\/"},"modified":"2014-04-25T11:46:00","modified_gmt":"2014-04-25T09:46:00","slug":"calibraciones-y-verificaciones","status":"publish","type":"page","link":"https:\/\/www.dosimetria.com\/pt-pt\/laboratorio\/calibraciones-y-verificaciones\/","title":{"rendered":"Calibra\u00e7\u00f5es e verifica\u00e7\u00f5es"},"content":{"rendered":"<p style=\"text-align: justify;\">Para realizar o controlo do sistema de dosimetria e garantir o seu correcto funcionamento, este submete-se a verifica\u00e7\u00f5es internas e a uma calibra\u00e7\u00e3o anual num laborat\u00f3rio externo de refer\u00eancia.<\/p>\n<ul style=\"text-align: justify;\">\n<li>O proceso de\u00a0calibra\u00e7\u00e3o do sistema de termoluminiscencia realiza-se atrav\u00e9s de dos\u00edmetros irradiados\u00a0em valores conhecidos das magnitudes objeto de ensaio num laboratorio oficial de calibra\u00e7\u00e3o secund\u00e1rio, seguindo os protocolos estabelecidos pela norma ISO 4037-3.<\/li>\n<li>As verifica\u00e7\u00f5es di\u00e1rias consistem em irradiar um grupo de dos\u00edmetros no equipamento irradiador e l\u00ea-los nos diferentes equipamentos para avaliar o estado dos leitores em rela\u00e7\u00e3o ao estado de refer\u00eancia.<\/li>\n<\/ul>\n<p style=\"text-align: justify;\">Adicionalmente, cada leitor posssui diferentes checagens autom\u00e1ticas que provocam a parada do equipamento caso n\u00e3o se cumpram as condi\u00e7\u00f5es de leitura estabelecidas.<\/p>\n<p style=\"text-align: justify;\">\n","protected":false},"excerpt":{"rendered":"<p>Para realizar o controlo do sistema de dosimetria e garantir o seu correcto funcionamento, este submete-se a verifica\u00e7\u00f5es internas e a uma calibra\u00e7\u00e3o anual num laborat\u00f3rio externo de refer\u00eancia. O proceso de\u00a0calibra\u00e7\u00e3o do sistema de termoluminiscencia realiza-se atrav\u00e9s de dos\u00edmetros irradiados\u00a0em valores conhecidos das magnitudes objeto de ensaio num laboratorio oficial de calibra\u00e7\u00e3o secund\u00e1rio, seguindo [&hellip;]<\/p>\n","protected":false},"author":22,"featured_media":0,"parent":1086,"menu_order":3,"comment_status":"closed","ping_status":"open","template":"","meta":{"_acf_changed":false,"footnotes":""},"class_list":["post-1302","page","type-page","status-publish","hentry"],"acf":[],"_links":{"self":[{"href":"https:\/\/www.dosimetria.com\/pt-pt\/wp-json\/wp\/v2\/pages\/1302"}],"collection":[{"href":"https:\/\/www.dosimetria.com\/pt-pt\/wp-json\/wp\/v2\/pages"}],"about":[{"href":"https:\/\/www.dosimetria.com\/pt-pt\/wp-json\/wp\/v2\/types\/page"}],"author":[{"embeddable":true,"href":"https:\/\/www.dosimetria.com\/pt-pt\/wp-json\/wp\/v2\/users\/22"}],"replies":[{"embeddable":true,"href":"https:\/\/www.dosimetria.com\/pt-pt\/wp-json\/wp\/v2\/comments?post=1302"}],"version-history":[{"count":0,"href":"https:\/\/www.dosimetria.com\/pt-pt\/wp-json\/wp\/v2\/pages\/1302\/revisions"}],"up":[{"embeddable":true,"href":"https:\/\/www.dosimetria.com\/pt-pt\/wp-json\/wp\/v2\/pages\/1086"}],"wp:attachment":[{"href":"https:\/\/www.dosimetria.com\/pt-pt\/wp-json\/wp\/v2\/media?parent=1302"}],"curies":[{"name":"wp","href":"https:\/\/api.w.org\/{rel}","templated":true}]}}