{"id":1310,"date":"2012-11-06T11:42:55","date_gmt":"2012-11-06T11:42:55","guid":{"rendered":"http:\/\/www.dosimetria.com\/calidad\/autorizacion-csn\/"},"modified":"2016-10-26T11:23:24","modified_gmt":"2016-10-26T09:23:24","slug":"autorizacion-csn","status":"publish","type":"page","link":"https:\/\/www.dosimetria.com\/pt-pt\/calidad\/autorizacion-csn\/","title":{"rendered":"Autoriza\u00e7\u00e3o DGS &#8211; CSN"},"content":{"rendered":"<p><img loading=\"lazy\" decoding=\"async\" title=\"AUT_montatje\" src=\"\/wp-content\/uploads\/2012\/11\/AUT_montatje.jpg\" alt=\"\" width=\"280\" height=\"214\" \/><\/p>\n<p>A Direc\u00e7\u00e3o-Geral de Sa\u00fade (DGS) \u00e9 a encarregada de gerar a legisla\u00e7\u00e3o no \u00e2mbito da protec\u00e7\u00e3o radiol\u00f3gica e dos servi\u00e7os de dosimetria pessoal<\/p>\n<p style=\"text-align: justify;\">O Conselho de Seguran\u00e7a Nuclear (CSN) \u00e9 o organismo regulador na Espanha no \u00e2mbito da Protec\u00e7\u00e3o Radiol\u00f3gica e \u00e9 quem emite a autoriza\u00e7\u00e3o \u00e0s empresas que querem realizar a actividade do servi\u00e7o de dosimetria como centros leitores.<\/p>\n<p style=\"text-align: justify;\">Anexa-se a seguinte documenta\u00e7\u00e3o:<\/p>\n<ul style=\"text-align: justify;\">\n<li>Autoriza\u00e7\u00e3o de\u00a0<strong>centro de dosimetr\u00eda\u00a0<\/strong>como centro leitor emitida pela DGS em 2004<\/li>\n<li>Autoriza\u00e7\u00e3o de <strong>centro de dosimetr\u00eda\u00a0<\/strong> como centro leitor emitida pelo CSN em 1985<\/li>\n<li>Autoriza\u00e7\u00e3o emitida pelo CSN no ano de 2007 como revis\u00e3o pelas mudan\u00e7as realizadas em <strong>centro de dosimetr\u00eda\u00a0<\/strong><\/li>\n<li>Autoriza\u00e7\u00e3o emitida pelo CSN no ano de 2012 como\u00a0revis\u00e3o pelas mudan\u00e7as realizadas em <strong>centro de dosimetr\u00eda\u00a0<\/strong><\/li>\n<\/ul>\n<p style=\"text-align: justify;\">\n","protected":false},"excerpt":{"rendered":"<p>A Direc\u00e7\u00e3o-Geral de Sa\u00fade (DGS) \u00e9 a encarregada de gerar a legisla\u00e7\u00e3o no \u00e2mbito da protec\u00e7\u00e3o radiol\u00f3gica e dos servi\u00e7os de dosimetria pessoal O Conselho de Seguran\u00e7a Nuclear (CSN) \u00e9 o organismo regulador na Espanha no \u00e2mbito da Protec\u00e7\u00e3o Radiol\u00f3gica e \u00e9 quem emite a autoriza\u00e7\u00e3o \u00e0s empresas que querem realizar a actividade do servi\u00e7o [&hellip;]<\/p>\n","protected":false},"author":22,"featured_media":0,"parent":1084,"menu_order":1,"comment_status":"closed","ping_status":"open","template":"","meta":{"_acf_changed":false,"footnotes":""},"class_list":["post-1310","page","type-page","status-publish","hentry"],"acf":[],"_links":{"self":[{"href":"https:\/\/www.dosimetria.com\/pt-pt\/wp-json\/wp\/v2\/pages\/1310"}],"collection":[{"href":"https:\/\/www.dosimetria.com\/pt-pt\/wp-json\/wp\/v2\/pages"}],"about":[{"href":"https:\/\/www.dosimetria.com\/pt-pt\/wp-json\/wp\/v2\/types\/page"}],"author":[{"embeddable":true,"href":"https:\/\/www.dosimetria.com\/pt-pt\/wp-json\/wp\/v2\/users\/22"}],"replies":[{"embeddable":true,"href":"https:\/\/www.dosimetria.com\/pt-pt\/wp-json\/wp\/v2\/comments?post=1310"}],"version-history":[{"count":0,"href":"https:\/\/www.dosimetria.com\/pt-pt\/wp-json\/wp\/v2\/pages\/1310\/revisions"}],"up":[{"embeddable":true,"href":"https:\/\/www.dosimetria.com\/pt-pt\/wp-json\/wp\/v2\/pages\/1084"}],"wp:attachment":[{"href":"https:\/\/www.dosimetria.com\/pt-pt\/wp-json\/wp\/v2\/media?parent=1310"}],"curies":[{"name":"wp","href":"https:\/\/api.w.org\/{rel}","templated":true}]}}