{"id":1313,"date":"2012-11-06T11:43:51","date_gmt":"2012-11-06T11:43:51","guid":{"rendered":"http:\/\/www.dosimetria.com\/calidad\/sistema-integral-gestion-qms\/"},"modified":"2016-10-10T11:01:00","modified_gmt":"2016-10-10T09:01:00","slug":"sistema-integral-gestion-qms","status":"publish","type":"page","link":"https:\/\/www.dosimetria.com\/pt-pt\/calidad\/sistema-integral-gestion-qms\/","title":{"rendered":"Sistema integral gest\u00e3o QMS"},"content":{"rendered":"<p style=\"text-align: justify;\"><strong>centro de dosimetr\u00eda<\/strong> desenvolve a sua actividade baseando-se num sistema integral de gest\u00e3o QMS (Qualidade, Meio-ambiente e Seguran\u00e7a), com a finalidade de realizar o SDP cumprindo com os requisitos tanto de qualidade dos seus processos, como de respeito ao meio-ambiente e de seguran\u00e7a em todos os aspectos implicados na realiza\u00e7\u00e3o do servi\u00e7o.<\/p>\n<p style=\"text-align: justify;\"><strong>Sistema de qualidade<\/strong><\/p>\n<p style=\"text-align: justify;\">Desde o ano 1997 a empresa\u00a0tinha implantado um sistema de qualidade baseado na NORMA UNE\/IEC ISO 9001. Adicionalmente, no ano 2011 iniciou-se a implanta\u00e7\u00e3o da \u00a0NORMA ISO 17025 especializada em \u201cLaborat\u00f3rios de ensaio e Calibra\u00e7\u00e3o\u201d e sobre a qual tem-se planificada a acredita\u00e7\u00e3o pelo ENAC em 2014.<\/p>\n<p style=\"text-align: justify;\"><strong>centro de dosimetr\u00eda<\/strong> p\u00f5e \u00e0 disposi\u00e7\u00e3o dos seus clientes e colaboradores tanto o acesso \u00e0 consulta da documenta\u00e7\u00e3o do sistema e dos manuais\u00a0de qualidade, como a possibilidade de visitar as instala\u00e7\u00f5es caso haja interesse.<\/p>\n<p style=\"text-align: justify;\"><img loading=\"lazy\" decoding=\"async\" class=\"alignnone size-full wp-image-795\" title=\"ISO-9000-2000-v4\" src=\"http:\/\/www.dosimetria.com\/wp-content\/uploads\/2012\/11\/ISO-9000-2000-v4.jpg\" alt=\"\" width=\"548\" height=\"250\" srcset=\"https:\/\/www.dosimetria.com\/wp-content\/uploads\/2012\/11\/ISO-9000-2000-v4.jpg 548w, https:\/\/www.dosimetria.com\/wp-content\/uploads\/2012\/11\/ISO-9000-2000-v4-170x77.jpg 170w\" sizes=\"(max-width: 548px) 100vw, 548px\" \/><\/p>\n<p style=\"text-align: justify;\"><strong>Sistema de Meio-ambiente<\/strong><\/p>\n<p style=\"text-align: justify;\">Outro valor da empresa \u00e9 melhorar de forma cont\u00ednua os processos do servi\u00e7o com a finalidade de minimizar o impacto ao meio-ambiente, realizando pol\u00edticas e ac\u00e7\u00f5es de melhoria cont\u00ednua nesta \u00e1rea. O compromisso com o meio-ambiente descreve-se na pol\u00edtica da empresa onde inclui-se como valor principal o cumprimento da \u00a0norma EMAS e NORMA ISO 14001.<\/p>\n<p style=\"text-align: justify;\"><strong>Sistema de seguran\u00e7a<\/strong><\/p>\n<p style=\"text-align: justify;\">A empresa trabalha nas seguintes \u00e1reas para garantir a seguran\u00e7a no desenvolvimento do servi\u00e7o:<\/p>\n<ul style=\"text-align: justify;\">\n<li>Protec\u00e7\u00e3o de riscos laborais para oferecer aos trabalhadores as condi\u00e7\u00f5es \u00f3ptimas de trabalho.<\/li>\n<li>Protec\u00e7\u00e3o dos dados pessoais segundo a Directiva 95\/46\/CE do Parlamento Europeu de 24 de outubro de 1995 com <a title=\"Alta ficheros centro de dosimetria s.l. en AEPD\" href=\" http:\/\/www.agpd.es\/portalwebAGPD\/ficheros_inscritos\/titularidad_privada\/index-ides-idphp.php\" target=\"_blank\">ficheiros\u00a0de alta na AEPD <\/a>(Ag\u00eancia Espanhola de Protec\u00e7\u00e3o de Dados).<\/li>\n<li>Desenvolvimento de medidas preventivas de seguran\u00e7a na colabora\u00e7\u00e3o com os fornecedores da cadeia log\u00edstica orientado principalmente a melhorar o tratamento nos envios e evitar extravios\/ incid\u00eancias com os dos\u00edmetros.<\/li>\n<\/ul>\n<p style=\"text-align: justify;\">\n","protected":false},"excerpt":{"rendered":"<p>centro de dosimetr\u00eda desenvolve a sua actividade baseando-se num sistema integral de gest\u00e3o QMS (Qualidade, Meio-ambiente e Seguran\u00e7a), com a finalidade de realizar o SDP cumprindo com os requisitos tanto de qualidade dos seus processos, como de respeito ao meio-ambiente e de seguran\u00e7a em todos os aspectos implicados na realiza\u00e7\u00e3o do servi\u00e7o. Sistema de qualidade [&hellip;]<\/p>\n","protected":false},"author":22,"featured_media":0,"parent":1084,"menu_order":2,"comment_status":"closed","ping_status":"open","template":"","meta":{"_acf_changed":false,"footnotes":""},"class_list":["post-1313","page","type-page","status-publish","hentry"],"acf":[],"_links":{"self":[{"href":"https:\/\/www.dosimetria.com\/pt-pt\/wp-json\/wp\/v2\/pages\/1313"}],"collection":[{"href":"https:\/\/www.dosimetria.com\/pt-pt\/wp-json\/wp\/v2\/pages"}],"about":[{"href":"https:\/\/www.dosimetria.com\/pt-pt\/wp-json\/wp\/v2\/types\/page"}],"author":[{"embeddable":true,"href":"https:\/\/www.dosimetria.com\/pt-pt\/wp-json\/wp\/v2\/users\/22"}],"replies":[{"embeddable":true,"href":"https:\/\/www.dosimetria.com\/pt-pt\/wp-json\/wp\/v2\/comments?post=1313"}],"version-history":[{"count":0,"href":"https:\/\/www.dosimetria.com\/pt-pt\/wp-json\/wp\/v2\/pages\/1313\/revisions"}],"up":[{"embeddable":true,"href":"https:\/\/www.dosimetria.com\/pt-pt\/wp-json\/wp\/v2\/pages\/1084"}],"wp:attachment":[{"href":"https:\/\/www.dosimetria.com\/pt-pt\/wp-json\/wp\/v2\/media?parent=1313"}],"curies":[{"name":"wp","href":"https:\/\/api.w.org\/{rel}","templated":true}]}}