{"id":1324,"date":"2012-12-19T23:17:17","date_gmt":"2012-12-19T23:17:17","guid":{"rendered":"http:\/\/www.dosimetria.com\/biblioteca\/normativa\/proteccion-radiologica\/"},"modified":"2013-07-12T21:40:41","modified_gmt":"2013-07-12T19:40:41","slug":"proteccion-radiologica","status":"publish","type":"page","link":"https:\/\/www.dosimetria.com\/pt-pt\/biblioteca\/normativa\/proteccion-radiologica\/","title":{"rendered":"Protec\u00e7\u00e3o radiol\u00f3gica"},"content":{"rendered":"","protected":false},"excerpt":{"rendered":"","protected":false},"author":22,"featured_media":0,"parent":1322,"menu_order":0,"comment_status":"closed","ping_status":"open","template":"faqs.php","meta":{"_acf_changed":false,"footnotes":""},"class_list":["post-1324","page","type-page","status-publish","hentry"],"acf":[],"_links":{"self":[{"href":"https:\/\/www.dosimetria.com\/pt-pt\/wp-json\/wp\/v2\/pages\/1324"}],"collection":[{"href":"https:\/\/www.dosimetria.com\/pt-pt\/wp-json\/wp\/v2\/pages"}],"about":[{"href":"https:\/\/www.dosimetria.com\/pt-pt\/wp-json\/wp\/v2\/types\/page"}],"author":[{"embeddable":true,"href":"https:\/\/www.dosimetria.com\/pt-pt\/wp-json\/wp\/v2\/users\/22"}],"replies":[{"embeddable":true,"href":"https:\/\/www.dosimetria.com\/pt-pt\/wp-json\/wp\/v2\/comments?post=1324"}],"version-history":[{"count":0,"href":"https:\/\/www.dosimetria.com\/pt-pt\/wp-json\/wp\/v2\/pages\/1324\/revisions"}],"up":[{"embeddable":true,"href":"https:\/\/www.dosimetria.com\/pt-pt\/wp-json\/wp\/v2\/pages\/1322"}],"wp:attachment":[{"href":"https:\/\/www.dosimetria.com\/pt-pt\/wp-json\/wp\/v2\/media?parent=1324"}],"curies":[{"name":"wp","href":"https:\/\/api.w.org\/{rel}","templated":true}]}}