{"id":1326,"date":"2013-01-24T14:50:14","date_gmt":"2013-01-24T14:50:14","guid":{"rendered":"http:\/\/www.dosimetria.com\/biblioteca\/normativa\/proteccion-radiologica\/normativa-internacional\/"},"modified":"2014-09-29T18:49:24","modified_gmt":"2014-09-29T16:49:24","slug":"normativa-internacional","status":"publish","type":"page","link":"https:\/\/www.dosimetria.com\/pt-pt\/biblioteca\/normativa\/proteccion-radiologica\/normativa-internacional\/","title":{"rendered":"Regulamenta\u00e7\u00e3o internacional"},"content":{"rendered":"<p><strong>Directiva 90\/641\/Euratom<\/strong>\u00a0referente \u00e0 protec\u00e7\u00e3o operacional dos trabalhadores exteriores com risco de exposi\u00e7\u00e3o \u00e0 radia\u00e7\u00f5es ionizantes por interven\u00e7\u00e3o em zona controlada.<\/p>\n<p><strong>Directiva 96\/29\/Euratom<\/strong>\u00a0pela qual estabelecem-se as normas b\u00e1sicas referentes \u00e0 protec\u00e7\u00e3o sanit\u00e1ria dos trabalhadores e da popula\u00e7\u00e3o contra os riscos que resultam das radia\u00e7\u00f5es ionizantes.<\/p>\n<p><strong>Directiva 97\/43 Euratom<\/strong>\u00a0referente \u00e1 protec\u00e7\u00e3o da sa\u00fade frente aos riscos derivados das radia\u00e7\u00f5es ionizantes em exposi\u00e7\u00f5es m\u00e9dicas.<\/p>\n","protected":false},"excerpt":{"rendered":"<p>Directiva 90\/641\/Euratom\u00a0referente \u00e0 protec\u00e7\u00e3o operacional dos trabalhadores exteriores com risco de exposi\u00e7\u00e3o \u00e0 radia\u00e7\u00f5es ionizantes por interven\u00e7\u00e3o em zona controlada. Directiva 96\/29\/Euratom\u00a0pela qual estabelecem-se as normas b\u00e1sicas referentes \u00e0 protec\u00e7\u00e3o sanit\u00e1ria dos trabalhadores e da popula\u00e7\u00e3o contra os riscos que resultam das radia\u00e7\u00f5es ionizantes. Directiva 97\/43 Euratom\u00a0referente \u00e1 protec\u00e7\u00e3o da sa\u00fade frente aos riscos derivados [&hellip;]<\/p>\n","protected":false},"author":22,"featured_media":0,"parent":1324,"menu_order":1,"comment_status":"closed","ping_status":"open","template":"","meta":{"_acf_changed":false,"footnotes":""},"class_list":["post-1326","page","type-page","status-publish","hentry"],"acf":[],"_links":{"self":[{"href":"https:\/\/www.dosimetria.com\/pt-pt\/wp-json\/wp\/v2\/pages\/1326"}],"collection":[{"href":"https:\/\/www.dosimetria.com\/pt-pt\/wp-json\/wp\/v2\/pages"}],"about":[{"href":"https:\/\/www.dosimetria.com\/pt-pt\/wp-json\/wp\/v2\/types\/page"}],"author":[{"embeddable":true,"href":"https:\/\/www.dosimetria.com\/pt-pt\/wp-json\/wp\/v2\/users\/22"}],"replies":[{"embeddable":true,"href":"https:\/\/www.dosimetria.com\/pt-pt\/wp-json\/wp\/v2\/comments?post=1326"}],"version-history":[{"count":0,"href":"https:\/\/www.dosimetria.com\/pt-pt\/wp-json\/wp\/v2\/pages\/1326\/revisions"}],"up":[{"embeddable":true,"href":"https:\/\/www.dosimetria.com\/pt-pt\/wp-json\/wp\/v2\/pages\/1324"}],"wp:attachment":[{"href":"https:\/\/www.dosimetria.com\/pt-pt\/wp-json\/wp\/v2\/media?parent=1326"}],"curies":[{"name":"wp","href":"https:\/\/api.w.org\/{rel}","templated":true}]}}