{"id":1330,"date":"2013-01-24T14:50:43","date_gmt":"2013-01-24T14:50:43","guid":{"rendered":"http:\/\/www.dosimetria.com\/biblioteca\/normativa\/proteccion-radiologica\/normativa-nacional\/"},"modified":"2014-09-29T18:56:22","modified_gmt":"2014-09-29T16:56:22","slug":"normativa-nacional","status":"publish","type":"page","link":"https:\/\/www.dosimetria.com\/pt-pt\/biblioteca\/normativa\/proteccion-radiologica\/normativa-nacional\/","title":{"rendered":"Regulamenta\u00e7\u00e3o nacional"},"content":{"rendered":"<p><strong>Real Decreto 1132\/90<\/strong>\u00a0de 14 de setembro, no qual estabelecem-se medidas fundamentais de protec\u00e7\u00e3o radiol\u00f3gica das pessoas submetidas a exames e tratamentos m\u00e9dicos (BOE 18\/09\/1990).<\/p>\n<p><strong>Real Decreto 413\/1997<\/strong>\u00a0de 21 de mar\u00e7o, sobre protec\u00e7\u00e3o operacional dos trabalhadores externos com risco de exposi\u00e7\u00e3o a radia\u00e7\u00f5es ionizantes por interven\u00e7\u00e3o em zona controlada (BOE 16\/04\/1997).<\/p>\n<p><strong>Real Decreto 1841\/1997<\/strong>\u00a0de 5 de dezembro, no qual estabelecem-se os Crit\u00e9rios de Qualidade em Medicina Nuclear (BOE 19\/12\/1997).<\/p>\n<p><strong>Real Decreto 1566\/1998<\/strong>\u00a0de 17 de julho, no qual estabelecem-se os Crit\u00e9rios de Qualidade em Radioterapia (BOE 28\/08\/1998).<\/p>\n<p><strong>Real Decreto 1976\/1999<\/strong>\u00a0de 23 de dezembro, no qual estabelecem-se os Crit\u00e9rios de Qualidade em Radiodiagn\u00f3stico (BOE 29\/12\/1999).<\/p>\n<p><strong>El Real Decreto 783\/2001<\/strong>\u00a0de 6 de julho no qual aprova-se o Regulamento sobre protec\u00e7\u00e3o sanit\u00e1ria contra radia\u00e7\u00f5es ionizantes. Entrou em vigor em 1 de janeiro de 2002 e derrogou o R.D. 53\/1992 sobre a mesma mat\u00e9ria (BOE 26\/07\/2001).<\/p>\n<p><strong>Real Decreto 815\/2001<\/strong>\u00a0de 13 de julho sobre justifica\u00e7\u00e3o do uso das radia\u00e7\u00f5es ionizantes para a protec\u00e7\u00e3o radiol\u00f3gica das pessoas com ocasi\u00e3o de exposi\u00e7\u00f5es m\u00e9dicas (BOE 14\/07\/2001).<\/p>\n<p><strong>Real Decreto 1439\/2010<\/strong>\u00a0de 5 de novembro, no qual modifica-se o Regulamento sobre protec\u00e7\u00e3o sanit\u00e1ria contra radia\u00e7\u00f5es ionizantes, aprovado pelo Real Decreto 783\/2001, de 6 de julho (BOE 18\/11\/2010).<\/p>\n","protected":false},"excerpt":{"rendered":"<p>Real Decreto 1132\/90\u00a0de 14 de setembro, no qual estabelecem-se medidas fundamentais de protec\u00e7\u00e3o radiol\u00f3gica das pessoas submetidas a exames e tratamentos m\u00e9dicos (BOE 18\/09\/1990). Real Decreto 413\/1997\u00a0de 21 de mar\u00e7o, sobre protec\u00e7\u00e3o operacional dos trabalhadores externos com risco de exposi\u00e7\u00e3o a radia\u00e7\u00f5es ionizantes por interven\u00e7\u00e3o em zona controlada (BOE 16\/04\/1997). Real Decreto 1841\/1997\u00a0de 5 de [&hellip;]<\/p>\n","protected":false},"author":22,"featured_media":0,"parent":1324,"menu_order":2,"comment_status":"closed","ping_status":"open","template":"","meta":{"_acf_changed":false,"footnotes":""},"class_list":["post-1330","page","type-page","status-publish","hentry"],"acf":[],"_links":{"self":[{"href":"https:\/\/www.dosimetria.com\/pt-pt\/wp-json\/wp\/v2\/pages\/1330"}],"collection":[{"href":"https:\/\/www.dosimetria.com\/pt-pt\/wp-json\/wp\/v2\/pages"}],"about":[{"href":"https:\/\/www.dosimetria.com\/pt-pt\/wp-json\/wp\/v2\/types\/page"}],"author":[{"embeddable":true,"href":"https:\/\/www.dosimetria.com\/pt-pt\/wp-json\/wp\/v2\/users\/22"}],"replies":[{"embeddable":true,"href":"https:\/\/www.dosimetria.com\/pt-pt\/wp-json\/wp\/v2\/comments?post=1330"}],"version-history":[{"count":0,"href":"https:\/\/www.dosimetria.com\/pt-pt\/wp-json\/wp\/v2\/pages\/1330\/revisions"}],"up":[{"embeddable":true,"href":"https:\/\/www.dosimetria.com\/pt-pt\/wp-json\/wp\/v2\/pages\/1324"}],"wp:attachment":[{"href":"https:\/\/www.dosimetria.com\/pt-pt\/wp-json\/wp\/v2\/media?parent=1330"}],"curies":[{"name":"wp","href":"https:\/\/api.w.org\/{rel}","templated":true}]}}