{"id":1333,"date":"2013-01-24T14:51:16","date_gmt":"2013-01-24T14:51:16","guid":{"rendered":"http:\/\/www.dosimetria.com\/biblioteca\/normativa\/proteccion-radiologica\/instrucciones-csn\/"},"modified":"2013-07-12T22:31:31","modified_gmt":"2013-07-12T20:31:31","slug":"instrucciones-csn","status":"publish","type":"page","link":"https:\/\/www.dosimetria.com\/pt-pt\/biblioteca\/normativa\/proteccion-radiologica\/instrucciones-csn\/","title":{"rendered":"Instru\u00e7\u00f5es CSN"},"content":{"rendered":"<p><strong>IS-01: Documento individual de seguimento radiol\u00f3gico (carn\u00ea radiol\u00f3gico)<\/strong><\/p>\n<p>Instru\u00e7\u00e3o de 31 de maio de 2001, do Conselho de Seguran\u00e7a Nuclear, n\u00famero IS-01na qual define-se o formato e conte\u00fado do documento individual de seguimento radiol\u00f3gico (carn\u00ea radiol\u00f3gico) regulado no Real Decreto 413\/1997.<\/p>\n<p><strong>IS-04: Documentos de protec\u00e7\u00e3o radiol\u00f3gica no CN com objeto do seu desmantelamento e encerramento<\/strong><\/p>\n<p>Instru\u00e7\u00e3o de 5 de fevereiro de 2003, do Conselho de Seguran\u00e7a Nuclear, n\u00famero IS-04, na qual regulam-se as transfer\u00eancias, arquivo e cust\u00f3dia dos documentos referentes \u00e0 protec\u00e7\u00e3o radiol\u00f3gica em centrais nucleares com objeto de seu desmantelamento e encerramento.<br \/>\nPublicada no BOE n\u00ba 51 de 28 de fevereiro de 2003.<\/p>\n<p><strong>IS-05: Valores de isen\u00e7\u00e3o para nucl\u00eddeos<\/strong><\/p>\n<p>Instru\u00e7\u00e3o de 26 de fevereiro de 2003, do Conselho de Seguran\u00e7a Nuclear,\u00a0n\u00famero IS-05, na qual definem-se os valores de isen\u00e7\u00e3o para nucl\u00eddeos segundo estabelece-se nas tabelas \u00a0A e B do anexo I do Real Decreto 1836\/1999.<\/p>\n<p>Publicada no BOE n\u00ba 86 de 10 de abril de 2003.<\/p>\n<p><strong>IS-08: Crit\u00e9rios para exigir assessoramento em protec\u00e7\u00e3o radiol\u00f3gica aos titulares de IN e IR<\/strong><\/p>\n<p>Instru\u00e7\u00e3o de 27 de julho de 2005, do Conselho de Seguran\u00e7a Nuclear,\u00a0\u00a0n\u00famero IS-08, sobre os crit\u00e9rios aplicados pelo CSN para exigir, aos titulares\u00a0 das instala\u00e7\u00f5es nucleares e radioactivas, o assessoramento espec\u00edfico em protec\u00e7\u00e3o radiol\u00f3gica.<\/p>\n<p>Publicada no BOE n\u00ba 238 de 5 de outubro de 2005.<\/p>\n","protected":false},"excerpt":{"rendered":"<p>IS-01: Documento individual de seguimento radiol\u00f3gico (carn\u00ea radiol\u00f3gico) Instru\u00e7\u00e3o de 31 de maio de 2001, do Conselho de Seguran\u00e7a Nuclear, n\u00famero IS-01na qual define-se o formato e conte\u00fado do documento individual de seguimento radiol\u00f3gico (carn\u00ea radiol\u00f3gico) regulado no Real Decreto 413\/1997. IS-04: Documentos de protec\u00e7\u00e3o radiol\u00f3gica no CN com objeto do seu desmantelamento e encerramento [&hellip;]<\/p>\n","protected":false},"author":22,"featured_media":0,"parent":1324,"menu_order":3,"comment_status":"closed","ping_status":"open","template":"","meta":{"_acf_changed":false,"footnotes":""},"class_list":["post-1333","page","type-page","status-publish","hentry"],"acf":[],"_links":{"self":[{"href":"https:\/\/www.dosimetria.com\/pt-pt\/wp-json\/wp\/v2\/pages\/1333"}],"collection":[{"href":"https:\/\/www.dosimetria.com\/pt-pt\/wp-json\/wp\/v2\/pages"}],"about":[{"href":"https:\/\/www.dosimetria.com\/pt-pt\/wp-json\/wp\/v2\/types\/page"}],"author":[{"embeddable":true,"href":"https:\/\/www.dosimetria.com\/pt-pt\/wp-json\/wp\/v2\/users\/22"}],"replies":[{"embeddable":true,"href":"https:\/\/www.dosimetria.com\/pt-pt\/wp-json\/wp\/v2\/comments?post=1333"}],"version-history":[{"count":0,"href":"https:\/\/www.dosimetria.com\/pt-pt\/wp-json\/wp\/v2\/pages\/1333\/revisions"}],"up":[{"embeddable":true,"href":"https:\/\/www.dosimetria.com\/pt-pt\/wp-json\/wp\/v2\/pages\/1324"}],"wp:attachment":[{"href":"https:\/\/www.dosimetria.com\/pt-pt\/wp-json\/wp\/v2\/media?parent=1333"}],"curies":[{"name":"wp","href":"https:\/\/api.w.org\/{rel}","templated":true}]}}