{"id":1343,"date":"2013-01-24T14:55:33","date_gmt":"2013-01-24T14:55:33","guid":{"rendered":"http:\/\/www.dosimetria.com\/biblioteca\/normativa\/sistemas-de-gestion-iso\/seguridad\/"},"modified":"2013-07-12T23:03:02","modified_gmt":"2013-07-12T21:03:02","slug":"seguridad","status":"publish","type":"page","link":"https:\/\/www.dosimetria.com\/pt-pt\/biblioteca\/normativa\/sistemas-de-gestion-iso\/seguridad\/","title":{"rendered":"Seguran\u00e7a"},"content":{"rendered":"<p><!-- \/jumpto --><!-- bodycontent -->Lei Org\u00e2nica 15\/1999 de 13 de dezembro de Protec\u00e7\u00e3o de Dados de Car\u00e1cter Pessoal, (LOPD)<\/p>\n<p>Directiva 95\/46\/CE do Parlamento Europeu de 24 de outubro de 1995 referente \u00e0 Protec\u00e7\u00e3o de Dados Pessoais<\/p>\n<p>OHSAS 18001:2007 &#8220;Sistemas de\u00a0gest\u00e3o da seguran\u00e7a e sa\u00fade no trabalho. Requisitos<\/p>\n","protected":false},"excerpt":{"rendered":"<p>Lei Org\u00e2nica 15\/1999 de 13 de dezembro de Protec\u00e7\u00e3o de Dados de Car\u00e1cter Pessoal, (LOPD) Directiva 95\/46\/CE do Parlamento Europeu de 24 de outubro de 1995 referente \u00e0 Protec\u00e7\u00e3o de Dados Pessoais OHSAS 18001:2007 &#8220;Sistemas de\u00a0gest\u00e3o da seguran\u00e7a e sa\u00fade no trabalho. Requisitos<\/p>\n","protected":false},"author":22,"featured_media":0,"parent":1336,"menu_order":3,"comment_status":"closed","ping_status":"open","template":"","meta":{"_acf_changed":false,"footnotes":""},"class_list":["post-1343","page","type-page","status-publish","hentry"],"acf":[],"_links":{"self":[{"href":"https:\/\/www.dosimetria.com\/pt-pt\/wp-json\/wp\/v2\/pages\/1343"}],"collection":[{"href":"https:\/\/www.dosimetria.com\/pt-pt\/wp-json\/wp\/v2\/pages"}],"about":[{"href":"https:\/\/www.dosimetria.com\/pt-pt\/wp-json\/wp\/v2\/types\/page"}],"author":[{"embeddable":true,"href":"https:\/\/www.dosimetria.com\/pt-pt\/wp-json\/wp\/v2\/users\/22"}],"replies":[{"embeddable":true,"href":"https:\/\/www.dosimetria.com\/pt-pt\/wp-json\/wp\/v2\/comments?post=1343"}],"version-history":[{"count":0,"href":"https:\/\/www.dosimetria.com\/pt-pt\/wp-json\/wp\/v2\/pages\/1343\/revisions"}],"up":[{"embeddable":true,"href":"https:\/\/www.dosimetria.com\/pt-pt\/wp-json\/wp\/v2\/pages\/1336"}],"wp:attachment":[{"href":"https:\/\/www.dosimetria.com\/pt-pt\/wp-json\/wp\/v2\/media?parent=1343"}],"curies":[{"name":"wp","href":"https:\/\/api.w.org\/{rel}","templated":true}]}}