{"id":1348,"date":"2012-10-26T11:31:37","date_gmt":"2012-10-26T11:31:37","guid":{"rendered":"http:\/\/www.dosimetria.com\/empresa\/estrategia-y-politica-de-empresa\/"},"modified":"2014-05-26T11:13:51","modified_gmt":"2014-05-26T09:13:51","slug":"estrategia-y-politica-de-empresa","status":"publish","type":"page","link":"https:\/\/www.dosimetria.com\/pt-pt\/empresa\/estrategia-y-politica-de-empresa\/","title":{"rendered":"Estrat\u00e9gia e pol\u00edtica da empresa"},"content":{"rendered":"<ul>\n<li style=\"text-align: justify;\">Especializa\u00e7\u00e3o em SDP<\/li>\n<li style=\"text-align: justify;\">Primeira empresa privada em oferecer Servi\u00e7o de Dosimetria Pessoal (1981)<\/li>\n<li style=\"text-align: justify;\">Actualmente SDP l\u00edder na Espanha e oferece servi\u00e7os em Portugal desde 2004<\/li>\n<li style=\"text-align: justify;\">Servi\u00e7os de dosimetria\u00a0sob medida segundo sector e actividade do cliente\n<ul>\n<li>Sanit\u00e1rio: hospitais, gabinetes\/consult\u00f3rios (odontologia, veterin\u00e1ria) e outros<\/li>\n<li>Industrial<\/li>\n<li>Investiga\u00e7\u00e3o e doc\u00eancia<\/li>\n<\/ul>\n<\/li>\n<li style=\"text-align: justify;\">Diferencia\u00e7\u00e3o pela especializa\u00e7\u00e3o na \u00e1rea t\u00e9cnica: qualidade, servi\u00e7o e investiga\u00e7\u00e3o\n<ul>\n<li>Desenho, configura\u00e7\u00e3o e fabrica\u00e7\u00e3o pr\u00f3pria dos dos\u00edmetros<\/li>\n<li>Desenvolvimento de algoritmos pr\u00f3pios de obten\u00e7\u00e3o de doses, etc.<\/li>\n<li>Desenvolvimento de produtos inovadores em n\u00edvel nacional e internacional em dosimetria de corpo inteiro, extremidades, meio-ambiental, etc.<\/li>\n<li>Dosimetria de investiga\u00e7\u00e3o espec\u00edfica segundo a demanda dos clientes<\/li>\n<li>Capacidade do laborat\u00f3rio e capacita\u00e7\u00e3o do pessoal t\u00e9cnico com forma\u00e7\u00e3o cont\u00ednua<\/li>\n<\/ul>\n<\/li>\n<li style=\"text-align: justify;\">Colabora\u00e7\u00e3o com U.T.P.R\u00b4s com servi\u00e7os sob medida<\/li>\n<\/ul>\n","protected":false},"excerpt":{"rendered":"<p>Especializa\u00e7\u00e3o em SDP Primeira empresa privada em oferecer Servi\u00e7o de Dosimetria Pessoal (1981) Actualmente SDP l\u00edder na Espanha e oferece servi\u00e7os em Portugal desde 2004 Servi\u00e7os de dosimetria\u00a0sob medida segundo sector e actividade do cliente Sanit\u00e1rio: hospitais, gabinetes\/consult\u00f3rios (odontologia, veterin\u00e1ria) e outros Industrial Investiga\u00e7\u00e3o e doc\u00eancia Diferencia\u00e7\u00e3o pela especializa\u00e7\u00e3o na \u00e1rea t\u00e9cnica: qualidade, servi\u00e7o e [&hellip;]<\/p>\n","protected":false},"author":22,"featured_media":0,"parent":1051,"menu_order":1,"comment_status":"closed","ping_status":"open","template":"","meta":{"_acf_changed":false,"footnotes":""},"class_list":["post-1348","page","type-page","status-publish","hentry"],"acf":[],"_links":{"self":[{"href":"https:\/\/www.dosimetria.com\/pt-pt\/wp-json\/wp\/v2\/pages\/1348"}],"collection":[{"href":"https:\/\/www.dosimetria.com\/pt-pt\/wp-json\/wp\/v2\/pages"}],"about":[{"href":"https:\/\/www.dosimetria.com\/pt-pt\/wp-json\/wp\/v2\/types\/page"}],"author":[{"embeddable":true,"href":"https:\/\/www.dosimetria.com\/pt-pt\/wp-json\/wp\/v2\/users\/22"}],"replies":[{"embeddable":true,"href":"https:\/\/www.dosimetria.com\/pt-pt\/wp-json\/wp\/v2\/comments?post=1348"}],"version-history":[{"count":0,"href":"https:\/\/www.dosimetria.com\/pt-pt\/wp-json\/wp\/v2\/pages\/1348\/revisions"}],"up":[{"embeddable":true,"href":"https:\/\/www.dosimetria.com\/pt-pt\/wp-json\/wp\/v2\/pages\/1051"}],"wp:attachment":[{"href":"https:\/\/www.dosimetria.com\/pt-pt\/wp-json\/wp\/v2\/media?parent=1348"}],"curies":[{"name":"wp","href":"https:\/\/api.w.org\/{rel}","templated":true}]}}