{"id":1356,"date":"2012-11-06T11:30:55","date_gmt":"2012-11-06T11:30:55","guid":{"rendered":"http:\/\/www.dosimetria.com\/empresa\/estructura-e-instalaciones\/"},"modified":"2014-05-26T11:31:11","modified_gmt":"2014-05-26T09:31:11","slug":"estructura-e-instalaciones","status":"publish","type":"page","link":"https:\/\/www.dosimetria.com\/pt-pt\/empresa\/estructura-e-instalaciones\/","title":{"rendered":"Estrutura e instala\u00e7\u00f5es"},"content":{"rendered":"<ul>\n<li style=\"text-align: justify;\">PME<\/li>\n<li style=\"text-align: justify;\">Instala\u00e7\u00f5es:\n<ul>\n<li>Sede central\u00a0em Barcelona: Laborat\u00f3rio<\/li>\n<li>Delega\u00e7\u00e3o Madri:\u00a0 Processos de gest\u00e3o de clientes e ponto de distribui\u00e7\u00e3o log\u00edstica<\/li>\n<li>Delega\u00e7\u00e3o Lisboa:\u00a0 Processos de gest\u00e3o de clientes e ponto de distribui\u00e7\u00e3o log\u00edstica<\/li>\n<\/ul>\n<\/li>\n<li>Factores chave:\n<ul>\n<li style=\"text-align: justify;\">Recursos humanos capacitados e qualificados na \u00e1rea t\u00e9cnica, de gest\u00e3o e suporte<\/li>\n<li style=\"text-align: justify;\">Tecnologias e sistemas de informa\u00e7\u00e3o \u00a0(ERP e CRM)<\/li>\n<li style=\"text-align: justify;\">Equipamento de laborat\u00f3rio certificado e calibrado segundo normas e exig\u00eancias dos fabricantes<\/li>\n<li style=\"text-align: justify;\">Sistema integral de gest\u00e3o QMS \u2013 Qualidade, Meio-Ambiente e Seguran\u00e7a implantado para o desenvolvimento da actividade e dos processos<\/li>\n<\/ul>\n<\/li>\n<\/ul>\n","protected":false},"excerpt":{"rendered":"<p>PME Instala\u00e7\u00f5es: Sede central\u00a0em Barcelona: Laborat\u00f3rio Delega\u00e7\u00e3o Madri:\u00a0 Processos de gest\u00e3o de clientes e ponto de distribui\u00e7\u00e3o log\u00edstica Delega\u00e7\u00e3o Lisboa:\u00a0 Processos de gest\u00e3o de clientes e ponto de distribui\u00e7\u00e3o log\u00edstica Factores chave: Recursos humanos capacitados e qualificados na \u00e1rea t\u00e9cnica, de gest\u00e3o e suporte Tecnologias e sistemas de informa\u00e7\u00e3o \u00a0(ERP e CRM) Equipamento de laborat\u00f3rio [&hellip;]<\/p>\n","protected":false},"author":22,"featured_media":0,"parent":1051,"menu_order":3,"comment_status":"closed","ping_status":"open","template":"","meta":{"_acf_changed":false,"footnotes":""},"class_list":["post-1356","page","type-page","status-publish","hentry"],"acf":[],"_links":{"self":[{"href":"https:\/\/www.dosimetria.com\/pt-pt\/wp-json\/wp\/v2\/pages\/1356"}],"collection":[{"href":"https:\/\/www.dosimetria.com\/pt-pt\/wp-json\/wp\/v2\/pages"}],"about":[{"href":"https:\/\/www.dosimetria.com\/pt-pt\/wp-json\/wp\/v2\/types\/page"}],"author":[{"embeddable":true,"href":"https:\/\/www.dosimetria.com\/pt-pt\/wp-json\/wp\/v2\/users\/22"}],"replies":[{"embeddable":true,"href":"https:\/\/www.dosimetria.com\/pt-pt\/wp-json\/wp\/v2\/comments?post=1356"}],"version-history":[{"count":0,"href":"https:\/\/www.dosimetria.com\/pt-pt\/wp-json\/wp\/v2\/pages\/1356\/revisions"}],"up":[{"embeddable":true,"href":"https:\/\/www.dosimetria.com\/pt-pt\/wp-json\/wp\/v2\/pages\/1051"}],"wp:attachment":[{"href":"https:\/\/www.dosimetria.com\/pt-pt\/wp-json\/wp\/v2\/media?parent=1356"}],"curies":[{"name":"wp","href":"https:\/\/api.w.org\/{rel}","templated":true}]}}