{"id":1362,"date":"2012-11-06T11:31:50","date_gmt":"2012-11-06T11:31:50","guid":{"rendered":"http:\/\/www.dosimetria.com\/empresa\/colaboradores\/"},"modified":"2014-06-11T12:09:07","modified_gmt":"2014-06-11T10:09:07","slug":"colaboradores","status":"publish","type":"page","link":"https:\/\/www.dosimetria.com\/pt-pt\/empresa\/colaboradores\/","title":{"rendered":"Colaboradores"},"content":{"rendered":"<p style=\"text-align: justify;\">A colabora\u00e7\u00e3o tem sido, \u00e9 e sempre ser\u00e1 uma das prioridades de <strong>centro de dosimetria<\/strong> com a finalidade de maximizar a qualidade do SDP e, portanto, a satisfa\u00e7\u00e3o do cliente final. Os principais eixos sobre os quais tem-se desenvolvido projectos de colabora\u00e7\u00e3o s\u00e3o:<\/p>\n<ul>\n<li style=\"text-align: justify;\">Organismos reguladores (CSN, ITN e DGS)\u00a0e outras organiza\u00e7\u00f5es de \u00e2mbito nacional e internacional<\/li>\n<li style=\"text-align: justify;\">Clientes tais como hospitales e centros de investiga\u00e7\u00e3o<\/li>\n<li style=\"text-align: justify;\">Empresas do sector que oferecem servi\u00e7os relacionados:\n<ul>\n<li>Unidades T\u00e9cnicas de Protec\u00e7\u00e3o Radiol\u00f3gica (U.T.P.R)<\/li>\n<li>Empresas de forma\u00e7\u00e3o<\/li>\n<li>Desenvolvimento de novas tecnologias<\/li>\n<\/ul>\n<\/li>\n<li style=\"text-align: justify;\">Fornecedores de log\u00edstica\u00a0integrantes da cadeia de fornecimento do servi\u00e7o<\/li>\n<\/ul>\n","protected":false},"excerpt":{"rendered":"<p>A colabora\u00e7\u00e3o tem sido, \u00e9 e sempre ser\u00e1 uma das prioridades de centro de dosimetria com a finalidade de maximizar a qualidade do SDP e, portanto, a satisfa\u00e7\u00e3o do cliente final. Os principais eixos sobre os quais tem-se desenvolvido projectos de colabora\u00e7\u00e3o s\u00e3o: Organismos reguladores (CSN, ITN e DGS)\u00a0e outras organiza\u00e7\u00f5es de \u00e2mbito nacional e [&hellip;]<\/p>\n","protected":false},"author":22,"featured_media":0,"parent":1051,"menu_order":5,"comment_status":"closed","ping_status":"open","template":"","meta":{"_acf_changed":false,"footnotes":""},"class_list":["post-1362","page","type-page","status-publish","hentry"],"acf":[],"_links":{"self":[{"href":"https:\/\/www.dosimetria.com\/pt-pt\/wp-json\/wp\/v2\/pages\/1362"}],"collection":[{"href":"https:\/\/www.dosimetria.com\/pt-pt\/wp-json\/wp\/v2\/pages"}],"about":[{"href":"https:\/\/www.dosimetria.com\/pt-pt\/wp-json\/wp\/v2\/types\/page"}],"author":[{"embeddable":true,"href":"https:\/\/www.dosimetria.com\/pt-pt\/wp-json\/wp\/v2\/users\/22"}],"replies":[{"embeddable":true,"href":"https:\/\/www.dosimetria.com\/pt-pt\/wp-json\/wp\/v2\/comments?post=1362"}],"version-history":[{"count":0,"href":"https:\/\/www.dosimetria.com\/pt-pt\/wp-json\/wp\/v2\/pages\/1362\/revisions"}],"up":[{"embeddable":true,"href":"https:\/\/www.dosimetria.com\/pt-pt\/wp-json\/wp\/v2\/pages\/1051"}],"wp:attachment":[{"href":"https:\/\/www.dosimetria.com\/pt-pt\/wp-json\/wp\/v2\/media?parent=1362"}],"curies":[{"name":"wp","href":"https:\/\/api.w.org\/{rel}","templated":true}]}}