{"id":1374,"date":"2012-11-06T11:47:24","date_gmt":"2012-11-06T11:47:24","guid":{"rendered":"http:\/\/www.dosimetria.com\/biblioteca\/documentacion-sdp\/documentacion-especifica-clientes\/"},"modified":"2013-07-18T21:40:16","modified_gmt":"2013-07-18T19:40:16","slug":"documentacion-especifica-clientes","status":"publish","type":"page","link":"https:\/\/www.dosimetria.com\/pt-pt\/documentacion-especifica-clientes\/","title":{"rendered":"Documenta\u00e7\u00e3o espec\u00edfica clientes"},"content":{"rendered":"<p>PRE\u00c7\u00c1RIO<\/p>\n<p>FORMUL\u00c1RIO ACESSO A DOSIMETRIA.NET \u00bf?<\/p>\n","protected":false},"excerpt":{"rendered":"<p>PRE\u00c7\u00c1RIO FORMUL\u00c1RIO ACESSO A DOSIMETRIA.NET \u00bf?<\/p>\n","protected":false},"author":22,"featured_media":0,"parent":0,"menu_order":1,"comment_status":"closed","ping_status":"closed","template":"","meta":{"_acf_changed":false,"footnotes":""},"class_list":["post-1374","page","type-page","status-publish","hentry"],"acf":[],"_links":{"self":[{"href":"https:\/\/www.dosimetria.com\/pt-pt\/wp-json\/wp\/v2\/pages\/1374"}],"collection":[{"href":"https:\/\/www.dosimetria.com\/pt-pt\/wp-json\/wp\/v2\/pages"}],"about":[{"href":"https:\/\/www.dosimetria.com\/pt-pt\/wp-json\/wp\/v2\/types\/page"}],"author":[{"embeddable":true,"href":"https:\/\/www.dosimetria.com\/pt-pt\/wp-json\/wp\/v2\/users\/22"}],"replies":[{"embeddable":true,"href":"https:\/\/www.dosimetria.com\/pt-pt\/wp-json\/wp\/v2\/comments?post=1374"}],"version-history":[{"count":0,"href":"https:\/\/www.dosimetria.com\/pt-pt\/wp-json\/wp\/v2\/pages\/1374\/revisions"}],"wp:attachment":[{"href":"https:\/\/www.dosimetria.com\/pt-pt\/wp-json\/wp\/v2\/media?parent=1374"}],"curies":[{"name":"wp","href":"https:\/\/api.w.org\/{rel}","templated":true}]}}