{"id":1376,"date":"2013-01-24T10:37:18","date_gmt":"2013-01-24T10:37:18","guid":{"rendered":"http:\/\/www.dosimetria.com\/biblioteca\/links-de-interes\/organismos-reguladores\/"},"modified":"2013-07-18T21:43:17","modified_gmt":"2013-07-18T19:43:17","slug":"organismos-reguladores","status":"publish","type":"page","link":"https:\/\/www.dosimetria.com\/pt-pt\/biblioteca\/links-de-interes\/organismos-reguladores\/","title":{"rendered":"Organismos reguladores"},"content":{"rendered":"<p><a href=\"http:\/\/www.csn.es\">www.csn.es<\/a>. CONSELHO DE SEGURAN\u00c7A NUCLEAR<\/p>\n<p><a href=\"http:\/\/www.dgs.pt\">www.dgs.pt<\/a>\u00a0DIREC\u00c7\u00c3O-GERAL DA SA\u00daDE<\/p>\n<p><a href=\"http:\/\/www.itn.pt\/\">www.itn.pt<\/a>\u00a0INSTITUTO TECNOL\u00d3GICO E NUCLEAR<\/p>\n","protected":false},"excerpt":{"rendered":"<p>www.csn.es. CONSELHO DE SEGURAN\u00c7A NUCLEAR www.dgs.pt\u00a0DIREC\u00c7\u00c3O-GERAL DA SA\u00daDE www.itn.pt\u00a0INSTITUTO TECNOL\u00d3GICO E NUCLEAR<\/p>\n","protected":false},"author":22,"featured_media":0,"parent":1372,"menu_order":1,"comment_status":"closed","ping_status":"closed","template":"","meta":{"_acf_changed":false,"footnotes":""},"class_list":["post-1376","page","type-page","status-publish","hentry"],"acf":[],"_links":{"self":[{"href":"https:\/\/www.dosimetria.com\/pt-pt\/wp-json\/wp\/v2\/pages\/1376"}],"collection":[{"href":"https:\/\/www.dosimetria.com\/pt-pt\/wp-json\/wp\/v2\/pages"}],"about":[{"href":"https:\/\/www.dosimetria.com\/pt-pt\/wp-json\/wp\/v2\/types\/page"}],"author":[{"embeddable":true,"href":"https:\/\/www.dosimetria.com\/pt-pt\/wp-json\/wp\/v2\/users\/22"}],"replies":[{"embeddable":true,"href":"https:\/\/www.dosimetria.com\/pt-pt\/wp-json\/wp\/v2\/comments?post=1376"}],"version-history":[{"count":0,"href":"https:\/\/www.dosimetria.com\/pt-pt\/wp-json\/wp\/v2\/pages\/1376\/revisions"}],"up":[{"embeddable":true,"href":"https:\/\/www.dosimetria.com\/pt-pt\/wp-json\/wp\/v2\/pages\/1372"}],"wp:attachment":[{"href":"https:\/\/www.dosimetria.com\/pt-pt\/wp-json\/wp\/v2\/media?parent=1376"}],"curies":[{"name":"wp","href":"https:\/\/api.w.org\/{rel}","templated":true}]}}