{"id":1503,"date":"2014-03-26T10:05:20","date_gmt":"2014-03-26T09:05:20","guid":{"rendered":"https:\/\/www.dosimetria.com\/?page_id=1503"},"modified":"2018-10-09T11:53:24","modified_gmt":"2018-10-09T09:53:24","slug":"condiciones-generales-responsable","status":"publish","type":"page","link":"https:\/\/www.dosimetria.com\/pt-pt\/condiciones-generales-responsable\/","title":{"rendered":"ACEITA\u00c7\u00c3O DE TERMOS E CONDI\u00c7\u00d5ES DE USO \u2013 cdNET EMPRESA"},"content":{"rendered":"<p><strong>ACEITA\u00c7\u00c3O DE TERMOS E CONDI\u00c7\u00d5ES DE USO \u2013 <\/strong><strong>cdNET EMPRESA<\/strong><\/p>\n<p><em>centro de dosimetr\u00eda<\/em> proporciona acesso telem\u00e1tico atrav\u00e9s da Internet \u00e0 aplica\u00e7\u00e3o <strong>cdNET <\/strong>por meio de website seguro: https:\/\/www.dosimetria.net. O website proporciona acesso \u00e0 maioria de dados de <em>centro de dosimetr\u00eda<\/em> em tempo real, assim como aos dados hist\u00f3ricos, relat\u00f3rios individuais anuais, relat\u00f3rios mensais e trimestrais, dota\u00e7\u00e3o de pessoal e dos\u00edmetros, estado de envio dos dos\u00edmetros, etc.<\/p>\n<p>&nbsp;<\/p>\n<p><strong>N\u00edveis de acesso.<\/strong><\/p>\n<p>Existem 4 n\u00edveis de acesso a <strong>cdNET<\/strong>:<\/p>\n<p>N\u00edvel 1 \u2013 Pode administrar as contas dos usu\u00e1rios, consultar informa\u00e7\u00e3o relativa \u00e0s doses e ao seguimento de envios.<\/p>\n<p>N\u00edvel 2 \u2013 Pode consultar informa\u00e7\u00e3o relativa \u00e0s doses e ao seguimento de envios.<\/p>\n<p>N\u00edvel 3 \u2013 Pode consultar informa\u00e7\u00e3o relativa ao seguimento de envios.<\/p>\n<p>N\u00edvel 4 \u2013 Pode consultar o seu Relat\u00f3rio Anual Individual.<\/p>\n<p>&nbsp;<\/p>\n<p><strong>Utiliza\u00e7\u00e3o do servi\u00e7o.<\/strong><\/p>\n<p><strong>1.- Acesso ao servi\u00e7o.<\/strong><\/p>\n<p>Para registar-se no servi\u00e7o se preenche um formul\u00e1rio online de registo de acesso aos servi\u00e7os telem\u00e1ticos. Os requisitos para solicitar o acesso de usu\u00e1rio N\u00edvel 1 s\u00e3o:<\/p>\n<ul>\n<li>A empresa a qual o solicitante representa deve estar inscrita no Servi\u00e7o de Dosimetria Pessoal de <em>centro de dosimetr\u00eda.<\/em><\/li>\n<li>O solicitante deve ter a permiss\u00e3o da empresa \u00a0para ser o respons\u00e1vel do Servi\u00e7o de Dosimetria Pessoal.<\/li>\n<\/ul>\n<p>&nbsp;<\/p>\n<p><strong>2.- Gest\u00e3o de usu\u00e1rios.<\/strong><\/p>\n<p>Mediante o envio dos seus dados e os da empresa, o respons\u00e1vel atribu\u00eddo do Servi\u00e7o de Dosimetria Pessoal solicita um usu\u00e1rio para acesso a <strong>cdNET<\/strong>, com N\u00edvel 1. Este usu\u00e1rio poder\u00e1 solicitar outros usu\u00e1rios de N\u00edveis 2, 3 e\/ou 4 que considere oportuno, mediante o formul\u00e1rio habilitado na p\u00e1gina web.<\/p>\n<p>&nbsp;<\/p>\n<p><strong>3.- Gest\u00e3o de palavras-passe.<\/strong><\/p>\n<p><em>centro de dosimetr\u00eda<\/em> gerar\u00e1 um usu\u00e1rio de acesso a <strong>cdNET<\/strong> para o solicitante principal no N\u00edvel 1 e lhe fornecer\u00e1 na dire\u00e7\u00e3o de correio eletr\u00f3nico preenchida um c\u00f3digo de usu\u00e1rio, que \u00e9 o BI ou n\u00famero de identifica\u00e7\u00e3o do usu\u00e1rio autorizado, e uma palavra-passe que o usu\u00e1rio dever\u00e1 modificar no primeiro acesso.<\/p>\n<p>As palavras-passe s\u00e3o administradas pelo pr\u00f3prio usu\u00e1rio e <em>centro de dosimetr\u00eda <\/em>n\u00e3o tem acesso \u00e0s mesmas, j\u00e1 que s\u00e3o armazenadas de forma encriptada.<\/p>\n<p>&nbsp;<\/p>\n<p><strong>4.- Cancelamento do servi\u00e7o.<\/strong><\/p>\n<p>O usu\u00e1rio poder\u00e1 cancelar os servi\u00e7os telem\u00e1ticos mediante o formul\u00e1rio acess\u00edvel atrav\u00e9s de <strong>cdNET<\/strong>. Neste caso, os dados se manter\u00e3o nas bases de dados de <em>centro de dosimetr\u00eda<\/em>, sem possibilidade de operar e com fins estat\u00edsticos, a n\u00e3o ser que o cliente expresse o seu desejo de que se apaguem os seus dados das bases de dados.<\/p>\n<p>A permiss\u00e3o de acesso a <strong>cdNET<\/strong> ser\u00e1 v\u00e1lida desde a data de in\u00edcio fornecida e se manter\u00e1 at\u00e9 que o cliente ou <em>centro de dosimetr\u00eda <\/em>o comuniquem. Igualmente, as permiss\u00f5es outorgadas pelo respons\u00e1vel da empresa a outras pessoas ser\u00e3o derrogadas por cancelamento ou ren\u00fancia do mesmo no cargo.<strong>\u00a0<\/strong><\/p>\n<p>&nbsp;<\/p>\n<p><strong>5.- Seguran\u00e7a de Internet.<\/strong><\/p>\n<p>Nossos servi\u00e7os transacionais funcionam sobre um servidor seguro utilizando o protocolo SSL (Secure Socket Layer), que se ativa sempre ao entrar em <strong>cdNET<\/strong>. O servidor seguro estabelece uma conex\u00e3o que transmite a informa\u00e7\u00e3o cifrada mediante algoritmos de 128 bits, que asseguram que s\u00f3 seja intelig\u00edvel para o computador do cliente e o servidor de <em>centro de dosimetr\u00eda.<\/em> Este protocolo garante: Que o cliente est\u00e1 comunicando os seus dados ao servidor de <em>centro de dosimetr\u00eda <\/em>e n\u00e3o a qualquer outro que tentasse fazer-se passar pelo mesmo. Que entre o cliente e o servidor de <em>centro de dosimetr\u00eda <\/em>os dados viajam cifrados, evitando a sua poss\u00edvel leitura ou manipula\u00e7\u00e3o por terceiros.<\/p>\n<p>Cada vez que se acede ao website, fica registada a IP (direc\u00e7\u00e3o de internet desde a qual o utilizador se conecta), o utilizador, a data e a hora.<\/p>\n<p><strong>\u00a0<\/strong><\/p>\n<p><strong>Pol\u00edtica de protec\u00e7\u00e3o de dados pessoais.<\/strong><\/p>\n<p>No <em>centro de dosimetr\u00eda<\/em> garantimos a protec\u00e7\u00e3o dos dados de nossos clientes. Com o objetivo de garantir a seguran\u00e7a e confidencialidade das transa\u00e7\u00f5es, faz-se necess\u00e1ria a pr\u00e9via identifica\u00e7\u00e3o e autentica\u00e7\u00e3o do usu\u00e1rio no sistema atrav\u00e9s da solicita\u00e7\u00e3o dos c\u00f3digos de acesso. No suposto de que o usu\u00e1rio solicite informa\u00e7\u00e3o sobre o servi\u00e7o ou produtos ou deseje realizar a tramita\u00e7\u00e3o de incid\u00eancias, atrav\u00e9s do envio de formul\u00e1rios na p\u00e1gina web de <em>centro de dosimetr\u00eda<\/em>, ser\u00e1 necess\u00e1rio recolher os dados pessoais que correspondam para poder informar-lhe sobre a sua solicita\u00e7\u00e3o.<\/p>\n<p>Os dados pessoais ser\u00e3o tratados conforme os princ\u00edpios de transpar\u00eancia, limita\u00e7\u00e3o da finalidade, minimiza\u00e7\u00e3o de dados, exatid\u00e3o, integridade e confidencialidade, respeitando tamb\u00e9m as demais obriga\u00e7\u00f5es e garantias estabelecidas no Regulamento (UE) 2016\/679 do Parlamento Europeu e do Conselho de 27 de abril de 2016 relativo \u00e0 prote\u00e7\u00e3o de pessoas f\u00edsicas no que diz respeito ao tratamento de dados pessoais e \u00e0 livre circula\u00e7\u00e3o dos mesmos.<\/p>\n<p><strong>Condi\u00e7\u00f5es de cdNET.<\/strong><\/p>\n<p><em>centro de dosimetr\u00eda<\/em> oferece no website <strong>cdNET<\/strong> informa\u00e7\u00e3o e operativa transacional sobre os servi\u00e7os que o cliente mantenha no <em>centro de dosimetr\u00eda,<\/em> pr\u00e9via inscri\u00e7\u00e3o do correspondente registo de acesso aos servi\u00e7os telem\u00e1ticos.<\/p>\n<p><em>centro de dosimetr\u00eda<\/em> reserva-se o direito de actualizar, modificar ou eliminar a informa\u00e7\u00e3o contida em <strong>cdNET<\/strong>, podendo inclusive limitar ou n\u00e3o permitir o acesso \u00e0 tal informa\u00e7\u00e3o sem aviso pr\u00e9vio. Especialmente, <em>centro de dosimetr\u00eda<\/em> reserva-se o direito a eliminar, limitar ou impedir o acesso \u00e0 sua web quando surjam dificuldades t\u00e9cnicas por feitos ou circunst\u00e2ncias alheios a <em>centro de dosimetr\u00eda<\/em> que, segundo o seu crit\u00e9rio, diminuam ou anulem os n\u00edveis de seguran\u00e7a adotados para o adequado funcionamento da web.<\/p>\n<p><em>centro de dosimetr\u00eda<\/em> n\u00e3o se responsabiliza das poss\u00edveis discrep\u00e2ncias que, com car\u00e1ter transit\u00f3rio, possam surgir entre a vers\u00e3o dos seus documentos impressos e a vers\u00e3o electr\u00f3nica dos mesmos publicados en <strong>cdNET<\/strong>.<\/p>\n<p>A totalidade deste website, ou seja, os elementos que o comp\u00f5em (textos imagens, marcas, logotipos, ficheiros de \u00e1udio, ficheiros de software, combina\u00e7\u00f5es de cores), assim como a estrutura, sele\u00e7\u00e3o e ordem de seus conte\u00fados, encontram-se protegidos pela norma de Propriedade Intelectual e Industrial, n\u00e3o podendo ser objeto de explora\u00e7\u00e3o, reprodu\u00e7\u00e3o, distribui\u00e7\u00e3o, modifica\u00e7\u00e3o, comunica\u00e7\u00e3o p\u00fablica, cess\u00e3o ou transforma\u00e7\u00e3o ou qualquer outra forma de difus\u00e3o n\u00e3o autorizada expressamente.<\/p>\n<p>O acesso a este website n\u00e3o outorga aos usu\u00e1rios direito, nem titularidade alguma sobre os direitos de propriedade intelectual e\/ou industrial dos conte\u00fados que alberga este website.<\/p>\n<p><em>centro de dosimetr\u00eda<\/em> n\u00e3o se responsabiliza pelos danos que possam sofrer os usu\u00e1rios por um uso inadequado deste website nem das quedas, interrup\u00e7\u00f5es, aus\u00eancia ou defeito nas telecomunica\u00e7\u00f5es, nem aos provocados pela introdu\u00e7\u00e3o de v\u00edrus e\/ou ataque inform\u00e1ticos que violem os sistemas seguran\u00e7a contratados e estabelecidos por centro de dosimetr\u00eda e\/ou pelo usu\u00e1rio.<\/p>\n<p>&nbsp;<\/p>\n","protected":false},"excerpt":{"rendered":"<p>ACEITA\u00c7\u00c3O DE TERMOS E CONDI\u00c7\u00d5ES DE USO \u2013 cdNET EMPRESA centro de dosimetr\u00eda proporciona acesso telem\u00e1tico atrav\u00e9s da Internet \u00e0 aplica\u00e7\u00e3o cdNET por meio de website seguro: https:\/\/www.dosimetria.net. O website proporciona acesso \u00e0 maioria de dados de centro de dosimetr\u00eda em tempo real, assim como aos dados hist\u00f3ricos, relat\u00f3rios individuais anuais, relat\u00f3rios mensais e trimestrais, [&hellip;]<\/p>\n","protected":false},"author":15,"featured_media":0,"parent":0,"menu_order":0,"comment_status":"closed","ping_status":"open","template":"","meta":{"_acf_changed":false,"footnotes":""},"class_list":["post-1503","page","type-page","status-publish","hentry"],"acf":[],"_links":{"self":[{"href":"https:\/\/www.dosimetria.com\/pt-pt\/wp-json\/wp\/v2\/pages\/1503"}],"collection":[{"href":"https:\/\/www.dosimetria.com\/pt-pt\/wp-json\/wp\/v2\/pages"}],"about":[{"href":"https:\/\/www.dosimetria.com\/pt-pt\/wp-json\/wp\/v2\/types\/page"}],"author":[{"embeddable":true,"href":"https:\/\/www.dosimetria.com\/pt-pt\/wp-json\/wp\/v2\/users\/15"}],"replies":[{"embeddable":true,"href":"https:\/\/www.dosimetria.com\/pt-pt\/wp-json\/wp\/v2\/comments?post=1503"}],"version-history":[{"count":0,"href":"https:\/\/www.dosimetria.com\/pt-pt\/wp-json\/wp\/v2\/pages\/1503\/revisions"}],"wp:attachment":[{"href":"https:\/\/www.dosimetria.com\/pt-pt\/wp-json\/wp\/v2\/media?parent=1503"}],"curies":[{"name":"wp","href":"https:\/\/api.w.org\/{rel}","templated":true}]}}