{"id":2741,"date":"2014-12-04T09:42:20","date_gmt":"2014-12-04T08:42:20","guid":{"rendered":"https:\/\/www.dosimetria.com\/calendario-2015\/"},"modified":"2014-12-18T16:38:32","modified_gmt":"2014-12-18T15:38:32","slug":"calendario-2015","status":"publish","type":"page","link":"https:\/\/www.dosimetria.com\/pt-pt\/calendario-2015\/","title":{"rendered":"Calend\u00e1rio 2015"},"content":{"rendered":"<p>Descarregue o calend\u00e1rio* anual na sua \u00e1rea de trabalho e utilize-o\u00a0como apoio para o uso dos dos\u00edmetros.<img loading=\"lazy\" decoding=\"async\" class=\"alignnone size-full wp-image-3032\" title=\"Tabla_calendario_pt\" src=\"https:\/\/www.dosimetria.com\/wp-content\/uploads\/2014\/12\/Tabla_calendario_pt1.jpg\" alt=\"\" width=\"545\" height=\"156\" srcset=\"https:\/\/www.dosimetria.com\/wp-content\/uploads\/2014\/12\/Tabla_calendario_pt1.jpg 545w, https:\/\/www.dosimetria.com\/wp-content\/uploads\/2014\/12\/Tabla_calendario_pt1-170x48.jpg 170w\" sizes=\"(max-width: 545px) 100vw, 545px\" \/>*Inclui os feriados nacionais.<\/p>\n","protected":false},"excerpt":{"rendered":"<p>Descarregue o calend\u00e1rio* anual na sua \u00e1rea de trabalho e utilize-o\u00a0como apoio para o uso dos dos\u00edmetros.*Inclui os feriados nacionais.<\/p>\n","protected":false},"author":15,"featured_media":0,"parent":0,"menu_order":0,"comment_status":"closed","ping_status":"open","template":"page-imagensuperior.php","meta":{"_acf_changed":false,"footnotes":""},"class_list":["post-2741","page","type-page","status-publish","hentry"],"acf":[],"_links":{"self":[{"href":"https:\/\/www.dosimetria.com\/pt-pt\/wp-json\/wp\/v2\/pages\/2741"}],"collection":[{"href":"https:\/\/www.dosimetria.com\/pt-pt\/wp-json\/wp\/v2\/pages"}],"about":[{"href":"https:\/\/www.dosimetria.com\/pt-pt\/wp-json\/wp\/v2\/types\/page"}],"author":[{"embeddable":true,"href":"https:\/\/www.dosimetria.com\/pt-pt\/wp-json\/wp\/v2\/users\/15"}],"replies":[{"embeddable":true,"href":"https:\/\/www.dosimetria.com\/pt-pt\/wp-json\/wp\/v2\/comments?post=2741"}],"version-history":[{"count":0,"href":"https:\/\/www.dosimetria.com\/pt-pt\/wp-json\/wp\/v2\/pages\/2741\/revisions"}],"wp:attachment":[{"href":"https:\/\/www.dosimetria.com\/pt-pt\/wp-json\/wp\/v2\/media?parent=2741"}],"curies":[{"name":"wp","href":"https:\/\/api.w.org\/{rel}","templated":true}]}}