{"id":4032,"date":"2021-10-20T11:12:23","date_gmt":"2021-10-20T09:12:23","guid":{"rendered":"https:\/\/www.dosimetria.com\/pt-pt\/calidad\/compromiso-medioambiental\/"},"modified":"2021-10-20T12:01:03","modified_gmt":"2021-10-20T10:01:03","slug":"compromiso-medioambiental","status":"publish","type":"page","link":"https:\/\/www.dosimetria.com\/pt-pt\/calidad\/compromiso-medioambiental\/","title":{"rendered":"COMPROMISSO COM O MEIO AMBIENTE"},"content":{"rendered":"<p><strong>centro de dosimetria<\/strong> comunica o seu compromisso com a prote\u00e7\u00e3o do meio ambiente e para isso contamos com um sistema de gest\u00e3o ambiental baseado na norma ISO 14001: 2015, que nos permite controlar a nossa pegada, garantindo o cumprimento da legisla\u00e7\u00e3o ambiental.<\/p>\n<p>O nosso compromisso com o meio ambiente est\u00e1 descrito na pol\u00edtica ambiental cd,\u00a0onde\u00a0destacam-se os seguintes princ\u00edpios:<\/p>\n<ul>\n<li>Revis\u00e3o cont\u00ednua da pol\u00edtica, estrat\u00e9gias e objetivos ambientais.<\/li>\n<li>Identifica\u00e7\u00e3o e avalia\u00e7\u00e3o dos aspectos ambientais derivados das nossas atividades e servi\u00e7os.<\/li>\n<li>Garantir o cumprimento da legisla\u00e7\u00e3o vigente.<\/li>\n<li>Promover a melhoria cont\u00ednua e prote\u00e7\u00e3o do meio ambiente.<\/li>\n<\/ul>\n","protected":false},"excerpt":{"rendered":"<p>centro de dosimetria comunica o seu compromisso com a prote\u00e7\u00e3o do meio ambiente e para isso contamos com um sistema de gest\u00e3o ambiental baseado na norma ISO 14001: 2015, que nos permite controlar a nossa pegada, garantindo o cumprimento da legisla\u00e7\u00e3o ambiental. O nosso compromisso com o meio ambiente est\u00e1 descrito na pol\u00edtica ambiental cd,\u00a0onde\u00a0destacam-se [&hellip;]<\/p>\n","protected":false},"author":22,"featured_media":0,"parent":1084,"menu_order":3,"comment_status":"closed","ping_status":"closed","template":"page-imagensuperior.php","meta":{"_acf_changed":false,"footnotes":""},"class_list":["post-4032","page","type-page","status-publish","hentry"],"acf":[],"_links":{"self":[{"href":"https:\/\/www.dosimetria.com\/pt-pt\/wp-json\/wp\/v2\/pages\/4032"}],"collection":[{"href":"https:\/\/www.dosimetria.com\/pt-pt\/wp-json\/wp\/v2\/pages"}],"about":[{"href":"https:\/\/www.dosimetria.com\/pt-pt\/wp-json\/wp\/v2\/types\/page"}],"author":[{"embeddable":true,"href":"https:\/\/www.dosimetria.com\/pt-pt\/wp-json\/wp\/v2\/users\/22"}],"replies":[{"embeddable":true,"href":"https:\/\/www.dosimetria.com\/pt-pt\/wp-json\/wp\/v2\/comments?post=4032"}],"version-history":[{"count":0,"href":"https:\/\/www.dosimetria.com\/pt-pt\/wp-json\/wp\/v2\/pages\/4032\/revisions"}],"up":[{"embeddable":true,"href":"https:\/\/www.dosimetria.com\/pt-pt\/wp-json\/wp\/v2\/pages\/1084"}],"wp:attachment":[{"href":"https:\/\/www.dosimetria.com\/pt-pt\/wp-json\/wp\/v2\/media?parent=4032"}],"curies":[{"name":"wp","href":"https:\/\/api.w.org\/{rel}","templated":true}]}}